{"id":53,"date":"2025-07-16T20:31:30","date_gmt":"2025-07-16T20:31:30","guid":{"rendered":"https:\/\/ramp.malangsveien.info\/?page_id=53"},"modified":"2026-03-24T08:20:41","modified_gmt":"2026-03-24T08:20:41","slug":"mine-later","status":"publish","type":"page","link":"https:\/\/ramp.malangsveien.info\/?page_id=53","title":{"rendered":"Songs"},"content":{"rendered":"<table style=\"border-collapse: collapse; width: 100%; height: 155px;\">\n<tbody>\n<tr>\n<td style=\"width: 35.5716%;\"><span style=\"font-size: 18pt;\"><strong>Talking to myself<\/strong><\/span><\/p>\n<p><a href=\"https:\/\/ramp.malangsveien.info\/?page_id=47\">Historien bak l\u00e5ten<\/a><\/p>\n<p><a href=\"https:\/\/ramp.malangsveien.info\/?page_id=58\">The story behind the song<\/a><\/td>\n<td style=\"width: 64.4284%;\"><img loading=\"lazy\" decoding=\"async\" class=\"alignleft  wp-image-316\" src=\"https:\/\/ramp.malangsveien.info\/wp-content\/uploads\/2025\/07\/Skjermbilde-2026-03-24-kl.-09.17.24-300x300.png\" alt=\"\" width=\"141\" height=\"141\" srcset=\"https:\/\/ramp.malangsveien.info\/wp-content\/uploads\/2025\/07\/Skjermbilde-2026-03-24-kl.-09.17.24-300x300.png 300w, https:\/\/ramp.malangsveien.info\/wp-content\/uploads\/2025\/07\/Skjermbilde-2026-03-24-kl.-09.17.24-1022x1024.png 1022w, https:\/\/ramp.malangsveien.info\/wp-content\/uploads\/2025\/07\/Skjermbilde-2026-03-24-kl.-09.17.24-150x150.png 150w, https:\/\/ramp.malangsveien.info\/wp-content\/uploads\/2025\/07\/Skjermbilde-2026-03-24-kl.-09.17.24-768x769.png 768w, https:\/\/ramp.malangsveien.info\/wp-content\/uploads\/2025\/07\/Skjermbilde-2026-03-24-kl.-09.17.24.png 1184w\" sizes=\"auto, (max-width: 141px) 100vw, 141px\" \/><\/td>\n<\/tr>\n<tr style=\"height: 155px;\">\n<td style=\"width: 35.5716%; height: 155px;\"><span style=\"font-size: 18pt;\"><strong>Hold on<\/strong><\/span><\/p>\n<p><a href=\"https:\/\/ramp.malangsveien.info\/?page_id=47\">Historien bak l\u00e5ten<\/a><\/p>\n<p><a href=\"https:\/\/ramp.malangsveien.info\/?page_id=58\">The story behind the song<\/a><\/td>\n<td style=\"width: 64.4284%; height: 155px;\"><img loading=\"lazy\" decoding=\"async\" class=\"alignleft wp-image-299\" src=\"https:\/\/ramp.malangsveien.info\/wp-content\/uploads\/2025\/07\/hold-on-2-300x300.png\" alt=\"\" width=\"145\" height=\"145\" srcset=\"https:\/\/ramp.malangsveien.info\/wp-content\/uploads\/2025\/07\/hold-on-2-300x300.png 300w, https:\/\/ramp.malangsveien.info\/wp-content\/uploads\/2025\/07\/hold-on-2-150x150.png 150w, https:\/\/ramp.malangsveien.info\/wp-content\/uploads\/2025\/07\/hold-on-2-768x768.png 768w, https:\/\/ramp.malangsveien.info\/wp-content\/uploads\/2025\/07\/hold-on-2.png 1024w\" sizes=\"auto, (max-width: 145px) 100vw, 145px\" \/><\/td>\n<\/tr>\n<\/tbody>\n<\/table>\n<table style=\"border-collapse: collapse; width: 99.8112%; height: 10px;\">\n<tbody>\n<tr>\n<td style=\"width: 35.0665%;\"><strong><span style=\"font-size: 18pt;\">Everyday Hero<\/span><\/strong><\/p>\n<p><a href=\"https:\/\/ramp.malangsveien.info\/?page_id=47\">Historien bak l\u00e5ten<\/a><\/p>\n<p><a href=\"https:\/\/ramp.malangsveien.info\/?page_id=58\">The story behind the song<\/a><\/td>\n<td style=\"width: 141.492%;\"><img loading=\"lazy\" decoding=\"async\" class=\"alignleft wp-image-286\" src=\"https:\/\/ramp.malangsveien.info\/wp-content\/uploads\/2025\/07\/everyday-hero2-300x300.jpeg\" alt=\"\" width=\"150\" height=\"150\" srcset=\"https:\/\/ramp.malangsveien.info\/wp-content\/uploads\/2025\/07\/everyday-hero2-300x300.jpeg 300w, https:\/\/ramp.malangsveien.info\/wp-content\/uploads\/2025\/07\/everyday-hero2-150x150.jpeg 150w, https:\/\/ramp.malangsveien.info\/wp-content\/uploads\/2025\/07\/everyday-hero2-768x768.jpeg 768w, https:\/\/ramp.malangsveien.info\/wp-content\/uploads\/2025\/07\/everyday-hero2.jpeg 1024w\" sizes=\"auto, (max-width: 150px) 100vw, 150px\" \/><\/td>\n<\/tr>\n<tr style=\"height: 156px;\">\n<td style=\"width: 35.0665%; height: 10px;\"><strong><span style=\"font-size: 18pt;\">Der kan \u00e6 lande<\/span><\/strong><\/p>\n<p><a href=\"https:\/\/ramp.malangsveien.info\/?page_id=47\">Historien bak l\u00e5ten<\/a><\/p>\n<p><a href=\"https:\/\/ramp.malangsveien.info\/?page_id=58\">The story behind the song<\/a><\/td>\n<td style=\"width: 141.492%; height: 10px;\"><img loading=\"lazy\" decoding=\"async\" class=\"alignleft wp-image-247\" src=\"https:\/\/ramp.malangsveien.info\/wp-content\/uploads\/2025\/07\/lande-300x300.jpg\" alt=\"\" width=\"151\" height=\"151\" srcset=\"https:\/\/ramp.malangsveien.info\/wp-content\/uploads\/2025\/07\/lande-300x300.jpg 300w, https:\/\/ramp.malangsveien.info\/wp-content\/uploads\/2025\/07\/lande-150x150.jpg 150w, https:\/\/ramp.malangsveien.info\/wp-content\/uploads\/2025\/07\/lande-768x768.jpg 768w, https:\/\/ramp.malangsveien.info\/wp-content\/uploads\/2025\/07\/lande.jpg 800w\" sizes=\"auto, (max-width: 151px) 100vw, 151px\" \/><\/td>\n<\/tr>\n<\/tbody>\n<\/table>\n<table style=\"border-collapse: collapse; width: 99.8599%;\">\n<tbody>\n<tr>\n<td style=\"width: 35.2387%;\"><span style=\"font-size: 18pt;\"><strong>Guns can`t solve it all<\/strong><\/span><\/p>\n<p><a href=\"https:\/\/ramp.malangsveien.info\/?page_id=47\">Historien bak l\u00e5ten<\/a><\/p>\n<p><a href=\"https:\/\/ramp.malangsveien.info\/?page_id=58\">The story behind the song<\/a><\/td>\n<td style=\"width: 140.606%;\"><img loading=\"lazy\" decoding=\"async\" class=\"alignleft wp-image-239\" src=\"https:\/\/ramp.malangsveien.info\/wp-content\/uploads\/2025\/07\/IMG_2455-300x300.jpeg\" alt=\"\" width=\"147\" height=\"147\" srcset=\"https:\/\/ramp.malangsveien.info\/wp-content\/uploads\/2025\/07\/IMG_2455-300x300.jpeg 300w, https:\/\/ramp.malangsveien.info\/wp-content\/uploads\/2025\/07\/IMG_2455-150x150.jpeg 150w, https:\/\/ramp.malangsveien.info\/wp-content\/uploads\/2025\/07\/IMG_2455-768x768.jpeg 768w, https:\/\/ramp.malangsveien.info\/wp-content\/uploads\/2025\/07\/IMG_2455.jpeg 1024w\" sizes=\"auto, (max-width: 147px) 100vw, 147px\" \/><\/td>\n<\/tr>\n<\/tbody>\n<\/table>\n<table style=\"border-collapse: collapse; width: 100%;\">\n<tbody>\n<tr>\n<td style=\"width: 35.2809%;\"><span style=\"font-size: 18pt;\"><strong>Fire<\/strong><\/span><\/p>\n<p><a href=\"https:\/\/ramp.malangsveien.info\/?page_id=47\">Historien bak l\u00e5ten<\/a><\/p>\n<p><a href=\"https:\/\/ramp.malangsveien.info\/?page_id=58\">The story behind the song<\/a><\/td>\n<td style=\"width: 64.7191%;\"><img loading=\"lazy\" decoding=\"async\" class=\"alignleft wp-image-223\" src=\"https:\/\/ramp.malangsveien.info\/wp-content\/uploads\/2025\/07\/fire-1-300x300.jpg\" alt=\"\" width=\"159\" height=\"159\" srcset=\"https:\/\/ramp.malangsveien.info\/wp-content\/uploads\/2025\/07\/fire-1-300x300.jpg 300w, https:\/\/ramp.malangsveien.info\/wp-content\/uploads\/2025\/07\/fire-1-1024x1024.jpg 1024w, https:\/\/ramp.malangsveien.info\/wp-content\/uploads\/2025\/07\/fire-1-150x150.jpg 150w, https:\/\/ramp.malangsveien.info\/wp-content\/uploads\/2025\/07\/fire-1-768x768.jpg 768w, https:\/\/ramp.malangsveien.info\/wp-content\/uploads\/2025\/07\/fire-1-1536x1536.jpg 1536w, https:\/\/ramp.malangsveien.info\/wp-content\/uploads\/2025\/07\/fire-1.jpg 2048w\" sizes=\"auto, (max-width: 159px) 100vw, 159px\" \/><\/td>\n<\/tr>\n<\/tbody>\n<\/table>\n<table style=\"border-collapse: collapse; width: 100%; height: 828px;\">\n<tbody>\n<tr style=\"height: 164px;\">\n<td style=\"width: 35.1086%; height: 164px;\"><span style=\"font-size: 14pt;\"><strong><span style=\"font-size: 18pt;\">The world to me<\/span><br \/>\n<span style=\"font-size: 12pt;\">(second edition)<\/span><\/strong><\/span><a href=\"https:\/\/ramp.malangsveien.info\/?page_id=47\">Historien bak l\u00e5ten<\/a><a href=\"https:\/\/ramp.malangsveien.info\/?page_id=58\">The story behind the song<\/a><\/td>\n<td style=\"width: 64.8914%; height: 164px;\"><img loading=\"lazy\" decoding=\"async\" class=\"alignleft wp-image-211\" src=\"https:\/\/ramp.malangsveien.info\/wp-content\/uploads\/2025\/10\/Bilde-15.10.2025-klokken-19.48-300x300.jpeg\" alt=\"\" width=\"149\" height=\"149\" srcset=\"https:\/\/ramp.malangsveien.info\/wp-content\/uploads\/2025\/10\/Bilde-15.10.2025-klokken-19.48-300x300.jpeg 300w, https:\/\/ramp.malangsveien.info\/wp-content\/uploads\/2025\/10\/Bilde-15.10.2025-klokken-19.48-1021x1024.jpeg 1021w, https:\/\/ramp.malangsveien.info\/wp-content\/uploads\/2025\/10\/Bilde-15.10.2025-klokken-19.48-150x150.jpeg 150w, https:\/\/ramp.malangsveien.info\/wp-content\/uploads\/2025\/10\/Bilde-15.10.2025-klokken-19.48-768x771.jpeg 768w, https:\/\/ramp.malangsveien.info\/wp-content\/uploads\/2025\/10\/Bilde-15.10.2025-klokken-19.48.jpeg 1198w\" sizes=\"auto, (max-width: 149px) 100vw, 149px\" \/><\/td>\n<\/tr>\n<tr style=\"height: 156px;\">\n<td style=\"width: 35.1086%; height: 30px;\"><span style=\"font-size: 18pt;\"><strong>Into something new\u00a0<\/strong><\/span><\/p>\n<p><a href=\"https:\/\/ramp.malangsveien.info\/?page_id=47\">Historien bak l\u00e5ten<\/a><\/p>\n<p><a href=\"https:\/\/ramp.malangsveien.info\/?page_id=58\">The story behind the song<\/a><\/td>\n<td style=\"width: 64.8914%; height: 30px;\"><img loading=\"lazy\" decoding=\"async\" class=\"alignleft wp-image-258\" src=\"https:\/\/ramp.malangsveien.info\/wp-content\/uploads\/2026\/01\/intosomethin-300x300.jpeg\" alt=\"\" width=\"147\" height=\"147\" srcset=\"https:\/\/ramp.malangsveien.info\/wp-content\/uploads\/2026\/01\/intosomethin-300x300.jpeg 300w, https:\/\/ramp.malangsveien.info\/wp-content\/uploads\/2026\/01\/intosomethin-150x150.jpeg 150w, https:\/\/ramp.malangsveien.info\/wp-content\/uploads\/2026\/01\/intosomethin-768x768.jpeg 768w, https:\/\/ramp.malangsveien.info\/wp-content\/uploads\/2026\/01\/intosomethin.jpeg 1024w\" sizes=\"auto, (max-width: 147px) 100vw, 147px\" \/><\/td>\n<\/tr>\n<tr style=\"height: 24px;\">\n<td style=\"width: 35.1086%; height: 24px;\"><span style=\"font-size: 18pt;\"><strong>Alone in the crowd<\/strong><\/span><\/p>\n<p><a href=\"https:\/\/ramp.malangsveien.info\/?page_id=47\">Historien bak l\u00e5ten<\/a><\/p>\n<p><a href=\"https:\/\/ramp.malangsveien.info\/?page_id=58\">The story behind the song<\/a><\/td>\n<td style=\"width: 64.8914%; height: 24px;\"><img loading=\"lazy\" decoding=\"async\" class=\"alignleft wp-image-262\" src=\"https:\/\/ramp.malangsveien.info\/wp-content\/uploads\/2025\/07\/alone-in-the-crowd-300x300.jpg\" alt=\"\" width=\"147\" height=\"147\" srcset=\"https:\/\/ramp.malangsveien.info\/wp-content\/uploads\/2025\/07\/alone-in-the-crowd-300x300.jpg 300w, https:\/\/ramp.malangsveien.info\/wp-content\/uploads\/2025\/07\/alone-in-the-crowd-150x150.jpg 150w, https:\/\/ramp.malangsveien.info\/wp-content\/uploads\/2025\/07\/alone-in-the-crowd-768x768.jpg 768w, https:\/\/ramp.malangsveien.info\/wp-content\/uploads\/2025\/07\/alone-in-the-crowd.jpg 800w\" sizes=\"auto, (max-width: 147px) 100vw, 147px\" \/><\/td>\n<\/tr>\n<tr style=\"height: 24px;\">\n<td style=\"width: 35.1086%; height: 24px;\"><strong><span style=\"font-size: 18pt;\">\u00a0My fathers cabin<\/span><\/strong><\/p>\n<p><a href=\"https:\/\/ramp.malangsveien.info\/?page_id=47\">Historien bak l\u00e5ten<\/a><\/p>\n<p><a href=\"https:\/\/ramp.malangsveien.info\/?page_id=58\">The story behind the song<\/a><\/td>\n<td style=\"width: 64.8914%; height: 24px;\"><img loading=\"lazy\" decoding=\"async\" class=\"alignleft wp-image-173\" src=\"https:\/\/ramp.malangsveien.info\/wp-content\/uploads\/2025\/07\/cabin3-300x300.png\" alt=\"\" width=\"148\" height=\"148\" srcset=\"https:\/\/ramp.malangsveien.info\/wp-content\/uploads\/2025\/07\/cabin3-300x300.png 300w, https:\/\/ramp.malangsveien.info\/wp-content\/uploads\/2025\/07\/cabin3-150x150.png 150w, https:\/\/ramp.malangsveien.info\/wp-content\/uploads\/2025\/07\/cabin3-768x768.png 768w, https:\/\/ramp.malangsveien.info\/wp-content\/uploads\/2025\/07\/cabin3.png 1024w\" sizes=\"auto, (max-width: 148px) 100vw, 148px\" \/><\/td>\n<\/tr>\n<tr style=\"height: 166px;\">\n<td style=\"width: 35.1086%; height: 166px;\"><span style=\"font-size: 18pt;\"><strong>Real heroes<\/strong><\/span><\/p>\n<p><a href=\"https:\/\/ramp.malangsveien.info\/?page_id=47\">Historien bak l\u00e5ten<\/a><\/p>\n<p><a href=\"https:\/\/ramp.malangsveien.info\/?page_id=58\">The story behind the song<\/a><\/td>\n<td style=\"width: 64.8914%; height: 166px;\"><img loading=\"lazy\" decoding=\"async\" class=\"size-thumbnail wp-image-32 alignleft\" src=\"https:\/\/ramp.malangsveien.info\/wp-content\/uploads\/2025\/07\/real-heroes-150x150.jpg\" alt=\"\" width=\"150\" height=\"150\" srcset=\"https:\/\/ramp.malangsveien.info\/wp-content\/uploads\/2025\/07\/real-heroes-150x150.jpg 150w, https:\/\/ramp.malangsveien.info\/wp-content\/uploads\/2025\/07\/real-heroes-300x300.jpg 300w, https:\/\/ramp.malangsveien.info\/wp-content\/uploads\/2025\/07\/real-heroes-768x768.jpg 768w, https:\/\/ramp.malangsveien.info\/wp-content\/uploads\/2025\/07\/real-heroes.jpg 1000w\" sizes=\"auto, (max-width: 150px) 100vw, 150px\" \/><\/td>\n<\/tr>\n<\/tbody>\n<\/table>\n<table style=\"border-collapse: collapse; width: 98.6206%;\">\n<tbody>\n<tr style=\"height: 24px;\">\n<td style=\"width: 35.5129%; height: 24px;\"><strong><span style=\"font-size: 18pt;\">\u00a0Neon lights<\/span><\/strong><\/p>\n<p><a href=\"https:\/\/ramp.malangsveien.info\/?page_id=47\">Historien bak l\u00e5ten<\/a><\/p>\n<p><a href=\"https:\/\/ramp.malangsveien.info\/?page_id=58\">The story behind the song<\/a><\/td>\n<td style=\"width: 64.4871%; height: 24px;\"><img loading=\"lazy\" decoding=\"async\" class=\"alignleft wp-image-130\" src=\"https:\/\/ramp.malangsveien.info\/wp-content\/uploads\/2025\/07\/neonlights-300x300.png\" alt=\"\" width=\"154\" height=\"154\" srcset=\"https:\/\/ramp.malangsveien.info\/wp-content\/uploads\/2025\/07\/neonlights-300x300.png 300w, https:\/\/ramp.malangsveien.info\/wp-content\/uploads\/2025\/07\/neonlights-150x150.png 150w, https:\/\/ramp.malangsveien.info\/wp-content\/uploads\/2025\/07\/neonlights-768x768.png 768w, https:\/\/ramp.malangsveien.info\/wp-content\/uploads\/2025\/07\/neonlights.png 1024w\" sizes=\"auto, (max-width: 154px) 100vw, 154px\" \/><\/td>\n<\/tr>\n<\/tbody>\n<\/table>\n<table style=\"border-collapse: collapse; width: 98.6682%; height: 1302px;\">\n<tbody>\n<tr style=\"height: 156px;\">\n<td style=\"width: 35.5129%; height: 156px;\"><span style=\"font-size: 18pt;\"><strong>November song<\/strong><\/span><\/p>\n<p><a href=\"https:\/\/ramp.malangsveien.info\/?page_id=47\">Historien bak l\u00e5ten<\/a><\/p>\n<p><a href=\"https:\/\/ramp.malangsveien.info\/?page_id=58\">The story behind the song<\/a><\/td>\n<td style=\"width: 64.4871%; height: 156px;\"><img loading=\"lazy\" decoding=\"async\" class=\"size-thumbnail wp-image-27 alignleft\" src=\"https:\/\/ramp.malangsveien.info\/wp-content\/uploads\/2025\/07\/november-song-150x150.jpeg\" alt=\"\" width=\"150\" height=\"150\" srcset=\"https:\/\/ramp.malangsveien.info\/wp-content\/uploads\/2025\/07\/november-song-150x150.jpeg 150w, https:\/\/ramp.malangsveien.info\/wp-content\/uploads\/2025\/07\/november-song-300x300.jpeg 300w, https:\/\/ramp.malangsveien.info\/wp-content\/uploads\/2025\/07\/november-song-768x768.jpeg 768w, https:\/\/ramp.malangsveien.info\/wp-content\/uploads\/2025\/07\/november-song.jpeg 1024w\" sizes=\"auto, (max-width: 150px) 100vw, 150px\" \/><\/td>\n<\/tr>\n<tr style=\"height: 156px;\">\n<td style=\"width: 35.5129%; height: 156px;\"><span style=\"font-size: 18pt;\"><strong>Waiting december<\/strong><\/span><\/p>\n<p><a href=\"https:\/\/ramp.malangsveien.info\/?page_id=47\">Historien bak l\u00e5ten<\/a><\/p>\n<p><a href=\"https:\/\/ramp.malangsveien.info\/?page_id=58\">The story behind the song<\/a><\/td>\n<td style=\"width: 64.4871%; height: 156px;\"><img loading=\"lazy\" decoding=\"async\" class=\"size-thumbnail wp-image-29 alignleft\" src=\"https:\/\/ramp.malangsveien.info\/wp-content\/uploads\/2025\/07\/waiting-december-150x150.jpg\" alt=\"\" width=\"150\" height=\"150\" srcset=\"https:\/\/ramp.malangsveien.info\/wp-content\/uploads\/2025\/07\/waiting-december-150x150.jpg 150w, https:\/\/ramp.malangsveien.info\/wp-content\/uploads\/2025\/07\/waiting-december-300x300.jpg 300w, https:\/\/ramp.malangsveien.info\/wp-content\/uploads\/2025\/07\/waiting-december-768x768.jpg 768w, https:\/\/ramp.malangsveien.info\/wp-content\/uploads\/2025\/07\/waiting-december.jpg 1024w\" sizes=\"auto, (max-width: 150px) 100vw, 150px\" \/><\/td>\n<\/tr>\n<tr style=\"height: 156px;\">\n<td style=\"width: 35.5129%; height: 156px;\"><strong><span style=\"font-size: 14pt;\"><span style=\"font-size: 18pt;\">You mean the world to me<\/span><br \/>\n(first edition)<\/span><\/strong><a href=\"https:\/\/ramp.malangsveien.info\/?page_id=47\">Historien bak l\u00e5ten<\/a><a href=\"https:\/\/ramp.malangsveien.info\/?page_id=58\">The story behind the song<\/a><\/td>\n<td style=\"width: 64.4871%; height: 156px;\"><img loading=\"lazy\" decoding=\"async\" class=\"size-thumbnail wp-image-30 alignleft\" src=\"https:\/\/ramp.malangsveien.info\/wp-content\/uploads\/2025\/07\/you-mean-the-world-to-me-150x150.jpg\" alt=\"\" width=\"150\" height=\"150\" \/><\/td>\n<\/tr>\n<tr style=\"height: 24px;\">\n<td style=\"width: 35.5129%; height: 24px;\">\u00a0<strong><span style=\"font-size: 18pt;\">True to love<\/span><\/strong><\/p>\n<p><a href=\"https:\/\/ramp.malangsveien.info\/?page_id=47\">Historien bak l\u00e5ten<\/a><\/p>\n<p><a href=\"https:\/\/ramp.malangsveien.info\/?page_id=58\">The story behind the song<\/a><\/td>\n<td style=\"width: 64.4871%; height: 24px;\"><img loading=\"lazy\" decoding=\"async\" class=\"alignleft wp-image-191\" src=\"https:\/\/ramp.malangsveien.info\/wp-content\/uploads\/2025\/07\/IMG_2127-300x300.jpg\" alt=\"\" width=\"158\" height=\"158\" srcset=\"https:\/\/ramp.malangsveien.info\/wp-content\/uploads\/2025\/07\/IMG_2127-300x300.jpg 300w, https:\/\/ramp.malangsveien.info\/wp-content\/uploads\/2025\/07\/IMG_2127-150x150.jpg 150w, https:\/\/ramp.malangsveien.info\/wp-content\/uploads\/2025\/07\/IMG_2127-768x768.jpg 768w, https:\/\/ramp.malangsveien.info\/wp-content\/uploads\/2025\/07\/IMG_2127.jpg 1024w\" sizes=\"auto, (max-width: 158px) 100vw, 158px\" \/><\/td>\n<\/tr>\n<tr style=\"height: 156px;\">\n<td style=\"width: 35.5129%; height: 156px;\"><span style=\"font-size: 18pt;\"><strong>Daddys girl<\/strong><\/span><\/p>\n<p><a href=\"https:\/\/ramp.malangsveien.info\/?page_id=47\">Historien bak l\u00e5ten<\/a><\/p>\n<p><a href=\"https:\/\/ramp.malangsveien.info\/?page_id=58\">The story behind the song<\/a><\/td>\n<td style=\"width: 64.4871%; height: 156px;\"><img loading=\"lazy\" decoding=\"async\" class=\"size-thumbnail wp-image-35 alignleft\" src=\"https:\/\/ramp.malangsveien.info\/wp-content\/uploads\/2025\/07\/daddys-girl-150x150.jpeg\" alt=\"\" width=\"150\" height=\"150\" srcset=\"https:\/\/ramp.malangsveien.info\/wp-content\/uploads\/2025\/07\/daddys-girl-150x150.jpeg 150w, https:\/\/ramp.malangsveien.info\/wp-content\/uploads\/2025\/07\/daddys-girl-300x300.jpeg 300w, https:\/\/ramp.malangsveien.info\/wp-content\/uploads\/2025\/07\/daddys-girl-768x768.jpeg 768w, https:\/\/ramp.malangsveien.info\/wp-content\/uploads\/2025\/07\/daddys-girl.jpeg 1024w\" sizes=\"auto, (max-width: 150px) 100vw, 150px\" \/><\/td>\n<\/tr>\n<tr style=\"height: 156px;\">\n<td style=\"width: 35.5129%; height: 156px;\"><span style=\"font-size: 18pt;\"><strong>Journey of life<\/strong><\/span><\/p>\n<p><a href=\"https:\/\/ramp.malangsveien.info\/?page_id=47\">Historien bak l\u00e5ten<\/a><\/p>\n<p><a href=\"https:\/\/ramp.malangsveien.info\/?page_id=58\">The story behind the song<\/a><\/td>\n<td style=\"width: 64.4871%; height: 156px;\"><img loading=\"lazy\" decoding=\"async\" class=\"size-thumbnail wp-image-36 alignleft\" src=\"https:\/\/ramp.malangsveien.info\/wp-content\/uploads\/2025\/07\/journey-of-life2-2-150x150.jpeg\" alt=\"\" width=\"150\" height=\"150\" srcset=\"https:\/\/ramp.malangsveien.info\/wp-content\/uploads\/2025\/07\/journey-of-life2-2-150x150.jpeg 150w, https:\/\/ramp.malangsveien.info\/wp-content\/uploads\/2025\/07\/journey-of-life2-2-300x300.jpeg 300w, https:\/\/ramp.malangsveien.info\/wp-content\/uploads\/2025\/07\/journey-of-life2-2-768x768.jpeg 768w, https:\/\/ramp.malangsveien.info\/wp-content\/uploads\/2025\/07\/journey-of-life2-2.jpeg 1024w\" sizes=\"auto, (max-width: 150px) 100vw, 150px\" \/><\/td>\n<\/tr>\n<tr style=\"height: 156px;\">\n<td style=\"width: 35.5129%; height: 156px;\"><span style=\"font-size: 18pt;\"><strong>Aprilience<\/strong><\/span><\/p>\n<p><a href=\"https:\/\/ramp.malangsveien.info\/?page_id=47\">Historien bak l\u00e5ten<\/a><\/p>\n<p><a href=\"https:\/\/ramp.malangsveien.info\/?page_id=58\">The story behind the song<\/a><\/td>\n<td style=\"width: 64.4871%; height: 156px;\"><img loading=\"lazy\" decoding=\"async\" class=\"size-thumbnail wp-image-34 alignleft\" src=\"https:\/\/ramp.malangsveien.info\/wp-content\/uploads\/2025\/07\/Aprilience-150x150.jpeg\" alt=\"\" width=\"150\" height=\"150\" srcset=\"https:\/\/ramp.malangsveien.info\/wp-content\/uploads\/2025\/07\/Aprilience-150x150.jpeg 150w, https:\/\/ramp.malangsveien.info\/wp-content\/uploads\/2025\/07\/Aprilience-300x300.jpeg 300w, https:\/\/ramp.malangsveien.info\/wp-content\/uploads\/2025\/07\/Aprilience-768x768.jpeg 768w, https:\/\/ramp.malangsveien.info\/wp-content\/uploads\/2025\/07\/Aprilience.jpeg 1024w\" sizes=\"auto, (max-width: 150px) 100vw, 150px\" \/><\/td>\n<\/tr>\n<tr style=\"height: 156px;\">\n<td style=\"width: 35.5129%; height: 156px;\"><span style=\"font-size: 18pt;\"><strong>After the storm<\/strong><\/span><\/p>\n<p><a href=\"https:\/\/ramp.malangsveien.info\/?page_id=47\">Historien bak l\u00e5ten<\/a><\/p>\n<p><a href=\"https:\/\/ramp.malangsveien.info\/?page_id=58\">The story behind the song<\/a><\/td>\n<td style=\"width: 64.4871%; height: 156px;\"><img loading=\"lazy\" decoding=\"async\" class=\"size-thumbnail wp-image-33 alignleft\" src=\"https:\/\/ramp.malangsveien.info\/wp-content\/uploads\/2025\/07\/after-the-storm-150x150.jpeg\" alt=\"\" width=\"150\" height=\"150\" srcset=\"https:\/\/ramp.malangsveien.info\/wp-content\/uploads\/2025\/07\/after-the-storm-150x150.jpeg 150w, https:\/\/ramp.malangsveien.info\/wp-content\/uploads\/2025\/07\/after-the-storm-300x300.jpeg 300w, https:\/\/ramp.malangsveien.info\/wp-content\/uploads\/2025\/07\/after-the-storm-768x768.jpeg 768w, https:\/\/ramp.malangsveien.info\/wp-content\/uploads\/2025\/07\/after-the-storm.jpeg 1024w\" sizes=\"auto, (max-width: 150px) 100vw, 150px\" \/><\/td>\n<\/tr>\n<tr style=\"height: 156px;\">\n<td style=\"width: 35.5129%; height: 30px;\"><span style=\"font-size: 18pt;\"><strong>Slightly optimistic<\/strong><\/span><\/p>\n<p><a href=\"https:\/\/ramp.malangsveien.info\/?page_id=47\">Historien bak l\u00e5ten<\/a><\/p>\n<p><a href=\"https:\/\/ramp.malangsveien.info\/?page_id=58\">The story behind the song<\/a><\/td>\n<td style=\"width: 64.4871%; height: 30px;\"><img loading=\"lazy\" decoding=\"async\" class=\"alignleft wp-image-261\" src=\"https:\/\/ramp.malangsveien.info\/wp-content\/uploads\/2025\/07\/slightly-optimistic-1-300x300.jpg\" alt=\"\" width=\"154\" height=\"154\" srcset=\"https:\/\/ramp.malangsveien.info\/wp-content\/uploads\/2025\/07\/slightly-optimistic-1-300x300.jpg 300w, https:\/\/ramp.malangsveien.info\/wp-content\/uploads\/2025\/07\/slightly-optimistic-1-150x150.jpg 150w, https:\/\/ramp.malangsveien.info\/wp-content\/uploads\/2025\/07\/slightly-optimistic-1-768x768.jpg 768w, https:\/\/ramp.malangsveien.info\/wp-content\/uploads\/2025\/07\/slightly-optimistic-1.jpg 800w\" sizes=\"auto, (max-width: 154px) 100vw, 154px\" \/><\/td>\n<\/tr>\n<tr style=\"height: 24px;\">\n<td style=\"width: 35.5129%; height: 24px;\"><\/td>\n<td style=\"width: 64.4871%; height: 24px;\"><\/td>\n<\/tr>\n<\/tbody>\n<\/table>\n<p>&nbsp;<\/p>\n<p>&nbsp;<\/p>\n<p>&nbsp;<\/p>\n","protected":false},"excerpt":{"rendered":"<p>Talking to myself Historien bak l\u00e5ten The story behind the song Hold on Historien bak l\u00e5ten The story behind the song Everyday Hero Historien bak l\u00e5ten The story behind the song Der kan \u00e6 lande Historien bak l\u00e5ten The story behind the song Guns can`t solve it all Historien bak l\u00e5ten The story behind the [&hellip;]<\/p>\n","protected":false},"author":1,"featured_media":0,"parent":0,"menu_order":0,"comment_status":"closed","ping_status":"closed","template":"","meta":{"footnotes":""},"class_list":["post-53","page","type-page","status-publish","hentry"],"_links":{"self":[{"href":"https:\/\/ramp.malangsveien.info\/index.php?rest_route=\/wp\/v2\/pages\/53","targetHints":{"allow":["GET"]}}],"collection":[{"href":"https:\/\/ramp.malangsveien.info\/index.php?rest_route=\/wp\/v2\/pages"}],"about":[{"href":"https:\/\/ramp.malangsveien.info\/index.php?rest_route=\/wp\/v2\/types\/page"}],"author":[{"embeddable":true,"href":"https:\/\/ramp.malangsveien.info\/index.php?rest_route=\/wp\/v2\/users\/1"}],"replies":[{"embeddable":true,"href":"https:\/\/ramp.malangsveien.info\/index.php?rest_route=%2Fwp%2Fv2%2Fcomments&post=53"}],"version-history":[{"count":37,"href":"https:\/\/ramp.malangsveien.info\/index.php?rest_route=\/wp\/v2\/pages\/53\/revisions"}],"predecessor-version":[{"id":319,"href":"https:\/\/ramp.malangsveien.info\/index.php?rest_route=\/wp\/v2\/pages\/53\/revisions\/319"}],"wp:attachment":[{"href":"https:\/\/ramp.malangsveien.info\/index.php?rest_route=%2Fwp%2Fv2%2Fmedia&parent=53"}],"curies":[{"name":"wp","href":"https:\/\/api.w.org\/{rel}","templated":true}]}}