{"id":47,"date":"2025-07-16T20:16:31","date_gmt":"2025-07-16T20:16:31","guid":{"rendered":"https:\/\/ramp.malangsveien.info\/?page_id=47"},"modified":"2026-03-24T08:25:46","modified_gmt":"2026-03-24T08:25:46","slug":"om-ramp-about-ramp","status":"publish","type":"page","link":"https:\/\/ramp.malangsveien.info\/?page_id=47","title":{"rendered":"Hvorfor p\u00e5 nett?"},"content":{"rendered":"<p><img loading=\"lazy\" decoding=\"async\" class=\"size-medium wp-image-61 alignleft\" src=\"https:\/\/ramp.malangsveien.info\/wp-content\/uploads\/2025\/07\/ed-113-300x200.jpg\" alt=\"\" width=\"300\" height=\"200\" srcset=\"https:\/\/ramp.malangsveien.info\/wp-content\/uploads\/2025\/07\/ed-113-300x200.jpg 300w, https:\/\/ramp.malangsveien.info\/wp-content\/uploads\/2025\/07\/ed-113-1024x683.jpg 1024w, https:\/\/ramp.malangsveien.info\/wp-content\/uploads\/2025\/07\/ed-113-768x512.jpg 768w, https:\/\/ramp.malangsveien.info\/wp-content\/uploads\/2025\/07\/ed-113-1536x1024.jpg 1536w, https:\/\/ramp.malangsveien.info\/wp-content\/uploads\/2025\/07\/ed-113-2048x1365.jpg 2048w\" sizes=\"auto, (max-width: 300px) 100vw, 300px\" \/>\u00a0 \u00a0 \u00a0 \u00a0 \u00a0 \u00a0 \u00a0 \u00a0 \u00a0 <em><a href=\"https:\/\/ramp.malangsveien.info\/?page_id=58\">In english<\/a><\/em><\/p>\n<p>I november 2024 tok jeg noen pr\u00f8ver og fikk etter kort tid beskjed om at jeg hadde f\u00e5tt kreft i tarmen. Sjokket var stort, men heldigvis fikk jeg rask og god oppf\u00f8lging p\u00e5 sykehuset. Samtidig hadde jeg verdens beste st\u00f8tte i min kj\u00e6re Stina, som holdt meg g\u00e5ende selv n\u00e5r tankespinnet og formen var i utakt med det man skulle \u00f8nske. I desember ble jeg operert og det var et s\u00e5kalt vellykket inngrep, slik at jeg kunne dra hjem etter vel ei uke, og feire jula hjemme. Etter dette var det fokus p\u00e5 opptrening og gradvis \u00f8kning av jobbmengde.<\/p>\n<p>Da jeg fikk diagnosen bestemte jeg meg for \u00e5 gjennomf\u00f8re noe som kunne sette spor og v\u00e6re &laquo;statement&raquo; for meg selv i prosessene. Jeg hadde lenge g\u00e5tt med tanken om \u00e5 spille inn noen l\u00e5ter i studioet, men hadde alltid stoppet opp med ideskisser og lagt det bort i vanlig selvkritisk stil. N\u00e5 ville jeg lage en l\u00e5t pr m\u00e5ned, og publisere p\u00e5 Spotify &#8211; ikke for \u00e5 h\u00f8ste godord fra andre, men for \u00e5 sette spor som var tydelig for meg selv.<\/p>\n<p>Den f\u00f8rste l\u00e5ten jeg jobbet med var en l\u00e5t jeg hadde laget til min fars begravelse, men som jeg gjorde om p\u00e5 til en mykere stil &#8211; den kalt jeg da for &laquo;<strong>November song<\/strong>&raquo; siden jeg fikk svar p\u00e5 pr\u00f8vene da. Dette var en instrumental som var inspirert av fjellet og frihetsf\u00f8lelsen min far hadde i samspill med naturen &#8211; dette ville jeg bringe videre.<\/p>\n<p>Den neste l\u00e5ten ble til fra slutten av november og inn mot inngrepet i desember. Dette var ogs\u00e5 en instrumental som naturlig nok ble hetende &laquo;W<strong>aiting december<\/strong>&laquo;.<\/p>\n<p>Utover desember kjente jeg en voldsom takknemlighet, spesielt til min kj\u00e6re som var den som fikk meg til \u00e5 ta pr\u00f8ver i begynnelse av november, st\u00f8ttet meg i hele prosesssen og var min &laquo;rock&raquo; n\u00e5r jeg var p\u00e5 mitt svakeste b\u00e5de fysisk og psykisk. Jeg hadde lenge syslet med en l\u00e5t for \u00e5 takke henne for den hun er, men n\u00e5 ble det enda flere lag og f\u00f8lelser som kom ut i l\u00e5ten &laquo;<strong>You mean the world to me<\/strong>&laquo;.<\/p>\n<p>I sykemeldingsperioden fikk jeg rikelig med tid til \u00e5 tenke, gruble og pusse p\u00e5 tekster, selv om selv spillinga m\u00e5tte vente til i januar. En l\u00e5t-tittel jeg hadde jobbet med i flere \u00e5r var &laquo;<strong>Daddys girl<\/strong>&laquo;. Gjennom mange \u00e5r i grunnskolen og med m\u00f8ter med ulike mennesketyper og skjebner ville jeg skrive en tekst til de som b\u00e6rer p\u00e5 &laquo;hemmeligheter&raquo; og aldri ber om hjelp i s\u00e5rbare barne\/ungdoms\u00e5r. Dette ble min &laquo;januar-l\u00e5t&raquo;.<\/p>\n<p>Etter som tida gikk og formen ble bedre, kokte jeg sammen en instrumental som jeg kalte for &laquo;<strong>Slightly optimistic<\/strong>&laquo;. Kanskje var det h\u00e5p om \u00e5 bli helt frisk igjen &#8211; turte man tenke den tanken?<\/p>\n<p>Underveis i prosessen hadde jeg mange filosofiske studer og diskusjoner, og flere ideer kom til. \u00d8nsket og behovet for \u00e5 v\u00e6re mer alene kom fra \u00e5rsskiftet, og &laquo;<strong>Man on the silent mountain<\/strong>&raquo; ble til der og da. I debattene om ekstroverte og introverte mennesketyper ville jeg bare uttrykke at mennesker kommer i ulike formater og at man ofte blir sett rart p\u00e5 om man velger \u00e5 ikke gj\u00f8re som alle andre i samfunnet. Var nok ogs\u00e5 inspirert og irritert over alle mediers fokus p\u00e5 \u00e5 selge ut selv de meste private \u00f8yeblikk fra ulike underholdningsprogrammer som &laquo;blotter&raquo; folk. P\u00e5 dette tidspunktet tok jeg ogs\u00e5 mot til meg og jobbet med vokal, da jeg inns\u00e5 at jeg like godt kunne hoppe i det&#8230;.<\/p>\n<p>Det er jo ikke til \u00e5 unng\u00e5 at man blir filosofisk og tenker gjennom livet n\u00e5r man blir satt p\u00e5 pr\u00f8velser og m\u00f8ter st\u00f8rre utfordringer i livet &#8211; s\u00e5 ogs\u00e5 for meg. &laquo;<strong>Journey of life<\/strong>&raquo; kom som en naturlig f\u00f8lge av at man helt klart fikk kjenne p\u00e5 at livet\u00a0 ikke er evig, og det \u00e5 bli gammel, ikke n\u00f8dvendigvis er en selvf\u00f8lge. Mennesker man har rundt seg faller fra, og man ser sorg og gleder g\u00e5 h\u00e5nd i h\u00e5nd. L\u00e5ten var et fors\u00f8k p\u00e5 \u00e5 beskrive dette.<\/p>\n<p>Da mars m\u00e5ned kom og formen stadig ble bedre fikk jeg behov for \u00e5 gj\u00f8re noe med mer positivt fokus. Ut fra dette kom instrumentalen &laquo;<strong>Slightly optimistic<\/strong>&laquo;. N\u00e5r man fikk kjenne p\u00e5 at dette faktisk kunne g\u00e5 bra til tross for negativt tankespinn og et st\u00f8rre inngrep.<\/p>\n<p>Da vi kom til april og lysere tider ble det mer til at jeg &laquo;lekte&raquo; i studio med mindre effekter etc, og resultatet ble &laquo;<strong>Aprilience<\/strong>&raquo; som egentlig ikke har noe annet enn positivitet og noen harmonier jeg ikke tidligere hadde jobbet s\u00e5 mye med.<\/p>\n<p>P\u00e5 v\u00e5rparten 2024 fikk vi m\u00f8te gjengen i &laquo;<strong>Team P\u00f8lsa<\/strong>&raquo; p\u00e5 TV-skjermen. Serien hadler om 6 ungdommer som har betydelig st\u00f8rre fysiske utfordringer enn barn\/ungdom flest. Likevel viste de et p\u00e5gangsmot og en livsvilje som de fleste av oss kan dr\u00f8mme om. Ut fra dette skrev jeg l\u00e5ten &laquo;<strong>Real heroes<\/strong>&raquo; hvor jeg bare ville hylle de t\u00f8ffe ungdommene. Jeg vet at gjengen har h\u00f8rt l\u00e5ten i ettertid, og det gj\u00f8r godt \u00e5 vite at man har gitt dem et &laquo;heiarop&raquo;, selv om det er lite sammenlignet med det de har av utfordringer.<\/p>\n<p>I mai fikk jeg lyst til \u00e5 skrive en tekst om det jeg anser som gale verdensledere, og spesielt med EN i tankene. Her trengtes det en noe mer aggressiv tiln\u00e6rming, s\u00e5 det m\u00e5tte blir en riffbasert rockel\u00e5t. N\u00e5del\u00f8se avgj\u00f8relser uten tanke p\u00e5 ettertida endte opp i l\u00e5ten &laquo;<strong>After the storm<\/strong>&laquo;.<\/p>\n<p>Mitt politiske hjertebarn, siden jeg var ganske ung, er \u00e5 gi mennesker som velger \u00e5 bo p\u00e5 landsbygda gode vilk\u00e5r, p\u00e5 lik linje med de som bor i byen. Vi trenger lys i husene, og vi trenger mangfoldet som livet p\u00e5 bygda gir. I forbindelse med stortingsvalget i Norge 2025 s\u00e5 jeg for meg en som m\u00e5tte velge mellom by og bygd, og de tanker denne personen hadde. Dette \u00e5ret har jeg ogs\u00e5 sett <a href=\"https:\/\/www.latter.no\/forestillinger\/berre-b%C3%B8nder-lengtar-heim\">Are Kalv\u00f8s forestilling &laquo;Berre b\u00f8nder lengtar heim<\/a>&laquo;, som underholdning, men ogs\u00e5 som god refleksjon og p\u00e5virkning p\u00e5 svart-hvitt tenking, spesielt med tanke p\u00e5 politiske valg og holdninger mellom by og land. <a href=\"https:\/\/www.ark.no\/produkt\/boker\/skjonnlitteratur\/berre-bonder-lengtar-heim-9788248936534\">Are Kalv\u00f8s bok<\/a> er ogs\u00e5 verdt \u00e5 lese! Motivert av dette skrev jeg sangen <strong>&laquo;<\/strong><a href=\"https:\/\/ramp.malangsveien.info\/?page_id=53\"><span style=\"color: #000000;\"><strong>Neon lights&raquo;<\/strong><\/span> (or starlit skies)<\/a> so ble publisert 23. august 2025.<\/p>\n<p>En l\u00e5t jeg skrev etter mye medieoppmerksomhet rundt utbredelsen\/normaliseringen\u00a0 av kokain i samfunnet. Teksten handler i stor grad om tomheten og fallet fra rus til abstinens og det \u00e5 miste livsgnisten i avhengighet. L\u00e5ten ble kalt &laquo;<a href=\"https:\/\/open.spotify.com\/track\/4WBj2KycTCVvI7fbISLmm5?si=52e52506845a4270\"><strong>In the shadow of the flame<\/strong><\/a>&raquo; og har ligget i st\u00f8peskjeen en god stund, men n\u00e5 fikk den b\u00e5de form og farge \ud83d\ude42<\/p>\n<p>Vi skriver 6. oktober og <strong>denne<\/strong> har sittet langt inne!! Min far t\u00f8mret og laftet en hytte med egne hender seint p\u00e5 2000-tallet, men fikk aldri sett den helt ferdig siden han gikk bort alt for tidlig i 2011. V\u00e5ren 2025 reiv vi hytta s\u00e5 langt den var kommet, og bygde den opp igjen i hagen v\u00e5r, mest som et minne om han. I denne byggeprosessen skrev jeg l\u00e5ten som heter &laquo;<strong>My fathers cabin<\/strong>&laquo;, men fikk f\u00f8rst fullf\u00f8rt den p\u00e5 h\u00f8stparten 2025. Den var veldig tung \u00e5 gjennomf\u00f8re til tross for at det er 14 \u00e5r siden han gikk bort. H\u00e5per han setter pris p\u00e5 b\u00e5de hytta og sangen. <img loading=\"lazy\" decoding=\"async\" class=\"wp-image-187 aligncenter\" src=\"https:\/\/ramp.malangsveien.info\/wp-content\/uploads\/2025\/10\/klistremerker-glanset-rodt-hjerte.jpg-150x150.jpg\" alt=\"\" width=\"47\" height=\"47\" srcset=\"https:\/\/ramp.malangsveien.info\/wp-content\/uploads\/2025\/10\/klistremerker-glanset-rodt-hjerte.jpg-150x150.jpg 150w, https:\/\/ramp.malangsveien.info\/wp-content\/uploads\/2025\/10\/klistremerker-glanset-rodt-hjerte.jpg-300x300.jpg 300w, https:\/\/ramp.malangsveien.info\/wp-content\/uploads\/2025\/10\/klistremerker-glanset-rodt-hjerte.jpg.jpg 700w\" sizes=\"auto, (max-width: 47px) 100vw, 47px\" \/><\/p>\n<p>I kj\u00f8lvannet av &laquo;<strong>My fathers cabin<\/strong>&raquo; fikk jeg ideen til l\u00e5ten <strong>&laquo;True to love<\/strong>&raquo; &#8211; om de som blir ford\u00f8mt for \u00e5 gj\u00f8re tunge valg i livet, men som avgj\u00f8relser er helt n\u00f8dvendige for \u00e5 kunne beholde &laquo;seg selv&raquo;. Teksten taler nok best for seg sj\u00f8l.<\/p>\n<p>Etter alle &laquo;balladene&raquo; hadde jeg et rockeriff p\u00e5 hjernen, og det ble til l\u00e5ten &laquo;<strong>Fire&raquo;<\/strong>, og det \u00e5 ha et brennende \u00f8nske om \u00e5 f\u00e5 til noe, til tross for at man ikke blir trodd p\u00e5, eller st\u00f8ttet av verden omkring. Hvis man bare tror nok p\u00e5 noe &#8211; og jobber hardt, kan man f\u00e5 til det utroligste. &laquo;Ingenting er umulig &#8211; det umulige tar bare litt lengre tid&raquo;<\/p>\n<p>Nyhetene er fulle av verdenspolitikk og spill med menneskers liv. Gale ledere som bruker soldater som spillbrikker for makt og penger. Kan de ikke skj\u00f8nne at v\u00e5pen ikke kan v\u00e6re l\u00f8sning p\u00e5 alle utfordringer og problemer i verden. Ny l\u00e5t ble derfor &laquo;Guns can`t solve it all&raquo; &#8211; som taler for seg sj\u00f8l.<\/p>\n<p>Flere har kommet med kommentaren &laquo;engelsk, jaja, men n\u00e5r skal det komme noe p\u00e5 norsk?&raquo;. \u00c5 skrive p\u00e5 norsk er mye &laquo;n\u00e6rmere&raquo; og blir veldig nakent, men her har jeg gjort et fors\u00f8k &#8211; et tankespinn om f\u00f8lelsen av \u00e5 ha valgt bort noe man ikke visste var viktig for en persons livskvalitet &#8211; natur og ro. Derfor kom &laquo;<strong>Der kan \u00e6 lande<\/strong>&laquo;, s\u00e5 f\u00e5r man b\u00e6re over med noen n\u00f8drim og naive vendinger \ud83d\ude09<\/p>\n<p>Trodde ei lita stund at det var &laquo;tomt&raquo; i id\u00e8boksen&raquo;. Men etter \u00e5 ha observert min kj\u00e6re og alt hun legger energi og hjerte i for at barn skal oppleve trygghet og mestring, ble det enkelt \u00e5 sette b\u00e5de ord og toner p\u00e5 papiret. En GOD l\u00e6rer legger ned mye energi og tid i sitt arbeide, og da er det bare \u00e5 legge seg flat &#8211; gode l\u00e6rere former fremtidens voksne og sparer samfunnet for enorme summer i fremtida. Hvorfor kan vi ikke forebygge i stedet for \u00e5 reparere?&#8230;.. Sangen heter &laquo;<strong>Everyday Hero<\/strong>&raquo; og er en hyllest til min kj\u00e6re.<\/p>\n<p>S\u00e5 kom det et riff&#8230;&#8230; Et jeg hadde lekt med i flere \u00e5r. N\u00e5 ble det til noe mer. Det er s\u00e5 mange som opplever motgang p\u00e5 ulike vis, men som likevel er takknemlige og ser positivt p\u00e5 livet &#8211; i motsetning til de som bare ser halvtomme glass. Denne teksten handler mest om \u00e5 se lyset &laquo;der framme&raquo; og om hvor viktige de som st\u00e5r n\u00e6rmest kan v\u00e6re &#8211; bare ved \u00e5 v\u00e6re der. L\u00e5ten <strong>Hold On<\/strong> ble resultatet, og er en type l\u00e5t jeeg har hatt lyst til \u00e5 gj\u00f8re lenge &#8211; enjoy.<\/p>\n<p>Etter som man treffer mennesker gjennom livet, blir kjent og erfarer mer forst\u00e5r man at mange har f\u00e5tt mer \u00e5 stri med enn andre. Den kampen mange har med seg selv for \u00e5 gjennomf\u00f8re det som andre tenker er en selvf\u00f8lge, er en utmattende tilv\u00e6relse. Senest p\u00e5 TV-serien &laquo;team p\u00f8lsa &#8211; del 2&raquo; f\u00e5r vi innblikk i ungdommer som gir perspektiv og f\u00e5r meg til \u00e5 gremmes over \u00e5 klage over bagateller i eget (og andres) liv. Jeg fikk lyst til \u00e5 beskrive denne kampen men ogs\u00e5 f\u00e5 frem en optimisme for de som kjemper med seg selv hver eneste dag &#8211; derfor sangen: <strong>Talking to myself<\/strong>.<\/p>\n","protected":false},"excerpt":{"rendered":"<p>\u00a0 \u00a0 \u00a0 \u00a0 \u00a0 \u00a0 \u00a0 \u00a0 \u00a0 In english I november 2024 tok jeg noen pr\u00f8ver og fikk etter kort tid beskjed om at jeg hadde f\u00e5tt kreft i tarmen. Sjokket var stort, men heldigvis fikk jeg rask og god oppf\u00f8lging p\u00e5 sykehuset. Samtidig hadde jeg verdens beste st\u00f8tte i min kj\u00e6re Stina, [&hellip;]<\/p>\n","protected":false},"author":1,"featured_media":0,"parent":0,"menu_order":1,"comment_status":"closed","ping_status":"closed","template":"","meta":{"footnotes":""},"class_list":["post-47","page","type-page","status-publish","hentry"],"_links":{"self":[{"href":"https:\/\/ramp.malangsveien.info\/index.php?rest_route=\/wp\/v2\/pages\/47","targetHints":{"allow":["GET"]}}],"collection":[{"href":"https:\/\/ramp.malangsveien.info\/index.php?rest_route=\/wp\/v2\/pages"}],"about":[{"href":"https:\/\/ramp.malangsveien.info\/index.php?rest_route=\/wp\/v2\/types\/page"}],"author":[{"embeddable":true,"href":"https:\/\/ramp.malangsveien.info\/index.php?rest_route=\/wp\/v2\/users\/1"}],"replies":[{"embeddable":true,"href":"https:\/\/ramp.malangsveien.info\/index.php?rest_route=%2Fwp%2Fv2%2Fcomments&post=47"}],"version-history":[{"count":33,"href":"https:\/\/ramp.malangsveien.info\/index.php?rest_route=\/wp\/v2\/pages\/47\/revisions"}],"predecessor-version":[{"id":320,"href":"https:\/\/ramp.malangsveien.info\/index.php?rest_route=\/wp\/v2\/pages\/47\/revisions\/320"}],"wp:attachment":[{"href":"https:\/\/ramp.malangsveien.info\/index.php?rest_route=%2Fwp%2Fv2%2Fmedia&parent=47"}],"curies":[{"name":"wp","href":"https:\/\/api.w.org\/{rel}","templated":true}]}}