{"id":2,"date":"2025-07-15T10:44:10","date_gmt":"2025-07-15T10:44:10","guid":{"rendered":"https:\/\/ramp.malangsveien.info\/?page_id=2"},"modified":"2026-02-07T11:47:50","modified_gmt":"2026-02-07T11:47:50","slug":"sample-page","status":"publish","type":"page","link":"https:\/\/ramp.malangsveien.info\/?page_id=2","title":{"rendered":"Om"},"content":{"rendered":"<table style=\"border-collapse: collapse; width: 100%;\">\n<tbody>\n<tr>\n<td style=\"width: 33.3333%;\">&nbsp;<\/p>\n<p><img loading=\"lazy\" decoding=\"async\" class=\"aligncenter wp-image-61 size-medium\" src=\"https:\/\/ramp.malangsveien.info\/wp-content\/uploads\/2025\/07\/ed-113-300x200.jpg\" alt=\"\" width=\"300\" height=\"200\" srcset=\"https:\/\/ramp.malangsveien.info\/wp-content\/uploads\/2025\/07\/ed-113-300x200.jpg 300w, https:\/\/ramp.malangsveien.info\/wp-content\/uploads\/2025\/07\/ed-113-1024x683.jpg 1024w, https:\/\/ramp.malangsveien.info\/wp-content\/uploads\/2025\/07\/ed-113-768x512.jpg 768w, https:\/\/ramp.malangsveien.info\/wp-content\/uploads\/2025\/07\/ed-113-1536x1024.jpg 1536w, https:\/\/ramp.malangsveien.info\/wp-content\/uploads\/2025\/07\/ed-113-2048x1365.jpg 2048w\" sizes=\"auto, (max-width: 300px) 100vw, 300px\" \/><\/td>\n<td style=\"width: 0.727617%;\"><\/td>\n<td style=\"width: 65.939%;\">Jeg er en\u00a056 \u00e5r gammel hobbymusiker, gitarist og amat\u00f8r-l\u00e5tskriver. Har spilt i band siden jeg var 13 \u00e5r, men har n\u00e5 lagt spillejobbene (midlertidig) p\u00e5 hylla.<br \/>\nJeg har hele mitt liv jobbet som l\u00e6rer i grunnskole og ogs\u00e5 som rektor der. For noen \u00e5r siden ble batteriet ganske utladet, og jeg \u00f8nsket andre utfordringer.<br \/>\nDet dukket opp ledig stilling i Balsfjord kulturskole, og det var midt i blinken for meg. F\u00f8rst jobbet jeg som gitar, bass og band-l\u00e6rer. Etter hvert ble faglederstillingen ledig, og ogs\u00e5 rektorstillingen i kulturskolen tilgjengelig.<br \/>\nJeg s\u00f8kte og fikk denne, slik at jeg n\u00e5 har kombinert stilling med ledelse og undervisning i kulturskolen, samt IKT-stilling i voksenoppl\u00e6ringa i Balsfjord &#8211; alts\u00e5 nok \u00e5 gj\u00f8re, men jeg stortrives med begge.<br \/>\nH\u00f8sten 2024 begynte jeg p\u00e5 videreutdanning i musikk ved Norges musikkh\u00f8gskole, noe jeg har fullf\u00f8rt v\u00e5ren 2025. N\u00e5 best\u00e5r livet av det jeg liker aller best &#8211; familie og musikk, og fors\u00f8ker \u00e5 f\u00e5 omgjort noen ideer til lydfiler i kjellerstudioet mitt samtidig som jeg jobber i kulturskolen og fors\u00f8ker \u00e5 f\u00e5 unge mennesker til \u00e5 glede seg over \u00e5 spille og lage musikk.<a href=\"https:\/\/ramp.malangsveien.info\/?page_id=196\"><strong>In english<\/strong><\/a><\/td>\n<\/tr>\n<\/tbody>\n<\/table>\n<p>&nbsp;<\/p>\n<p>&nbsp;<\/p>\n","protected":false},"excerpt":{"rendered":"<p>&nbsp; Jeg er en\u00a056 \u00e5r gammel hobbymusiker, gitarist og amat\u00f8r-l\u00e5tskriver. Har spilt i band siden jeg var 13 \u00e5r, men har n\u00e5 lagt spillejobbene (midlertidig) p\u00e5 hylla. Jeg har hele mitt liv jobbet som l\u00e6rer i grunnskole og ogs\u00e5 som rektor der. For noen \u00e5r siden ble batteriet ganske utladet, og jeg \u00f8nsket andre utfordringer. [&hellip;]<\/p>\n","protected":false},"author":1,"featured_media":0,"parent":0,"menu_order":0,"comment_status":"closed","ping_status":"open","template":"","meta":{"footnotes":""},"class_list":["post-2","page","type-page","status-publish","hentry"],"_links":{"self":[{"href":"https:\/\/ramp.malangsveien.info\/index.php?rest_route=\/wp\/v2\/pages\/2","targetHints":{"allow":["GET"]}}],"collection":[{"href":"https:\/\/ramp.malangsveien.info\/index.php?rest_route=\/wp\/v2\/pages"}],"about":[{"href":"https:\/\/ramp.malangsveien.info\/index.php?rest_route=\/wp\/v2\/types\/page"}],"author":[{"embeddable":true,"href":"https:\/\/ramp.malangsveien.info\/index.php?rest_route=\/wp\/v2\/users\/1"}],"replies":[{"embeddable":true,"href":"https:\/\/ramp.malangsveien.info\/index.php?rest_route=%2Fwp%2Fv2%2Fcomments&post=2"}],"version-history":[{"count":21,"href":"https:\/\/ramp.malangsveien.info\/index.php?rest_route=\/wp\/v2\/pages\/2\/revisions"}],"predecessor-version":[{"id":291,"href":"https:\/\/ramp.malangsveien.info\/index.php?rest_route=\/wp\/v2\/pages\/2\/revisions\/291"}],"wp:attachment":[{"href":"https:\/\/ramp.malangsveien.info\/index.php?rest_route=%2Fwp%2Fv2%2Fmedia&parent=2"}],"curies":[{"name":"wp","href":"https:\/\/api.w.org\/{rel}","templated":true}]}}